{"id":37,"date":"2024-11-18T13:48:33","date_gmt":"2024-11-18T12:48:33","guid":{"rendered":"https:\/\/casafremeaux.nl\/?page_id=37"},"modified":"2025-08-31T09:35:01","modified_gmt":"2025-08-31T07:35:01","slug":"over-ons","status":"publish","type":"page","link":"https:\/\/casafremeaux.nl\/en\/over-ons\/","title":{"rendered":"about us"},"content":{"rendered":"\t\t<div data-elementor-type=\"wp-page\" data-elementor-id=\"37\" class=\"elementor elementor-37\" data-elementor-post-type=\"page\">\n\t\t\t\t<div class=\"elementor-element elementor-element-acf0789 e-con-full e-flex e-con e-parent\" data-id=\"acf0789\" data-element_type=\"container\" data-e-type=\"container\" data-settings=\"{&quot;background_background&quot;:&quot;classic&quot;}\">\n\t\t<div class=\"elementor-element elementor-element-0787b1b e-con-full e-flex e-con e-child\" data-id=\"0787b1b\" data-element_type=\"container\" data-e-type=\"container\">\n\t\t\t\t<\/div>\n\t\t<div class=\"elementor-element elementor-element-0052ae8 e-con-full e-flex e-con e-child\" data-id=\"0052ae8\" data-element_type=\"container\" data-e-type=\"container\">\n\t\t\t\t<div class=\"elementor-element elementor-element-9ceacdf elementor-widget elementor-widget-spacer\" data-id=\"9ceacdf\" data-element_type=\"widget\" data-e-type=\"widget\" data-widget_type=\"spacer.default\">\n\t\t\t\t\t\t\t<div class=\"elementor-spacer\">\n\t\t\t<div class=\"elementor-spacer-inner\"><\/div>\n\t\t<\/div>\n\t\t\t\t\t\t<\/div>\n\t\t\t\t<div class=\"elementor-element elementor-element-da72725 elementor-invisible elementor-widget elementor-widget-heading\" data-id=\"da72725\" data-element_type=\"widget\" data-e-type=\"widget\" data-settings=\"{&quot;motion_fx_motion_fx_scrolling&quot;:&quot;yes&quot;,&quot;_animation&quot;:&quot;fadeInDown&quot;,&quot;motion_fx_devices&quot;:[&quot;desktop&quot;,&quot;tablet&quot;,&quot;mobile&quot;]}\" data-widget_type=\"heading.default\">\n\t\t\t\t\t<h2 class=\"elementor-heading-title elementor-size-default\">Over ons<\/h2>\t\t\t\t<\/div>\n\t\t\t\t<div class=\"elementor-element elementor-element-7ab7d4e elementor-invisible elementor-widget elementor-widget-heading\" data-id=\"7ab7d4e\" data-element_type=\"widget\" data-e-type=\"widget\" data-settings=\"{&quot;_animation&quot;:&quot;fadeInUp&quot;}\" data-widget_type=\"heading.default\">\n\t\t\t\t\t<h2 class=\"elementor-heading-title elementor-size-default\">CASA LES FR\u00c9MEAUX<\/h2>\t\t\t\t<\/div>\n\t\t\t\t<\/div>\n\t\t<div class=\"elementor-element elementor-element-cdf904f e-con-full e-flex e-con e-child\" data-id=\"cdf904f\" data-element_type=\"container\" data-e-type=\"container\">\n\t\t\t\t<\/div>\n\t\t\t\t<\/div>\n\t\t<div class=\"elementor-element elementor-element-dde0a4f e-flex e-con-boxed e-con e-parent\" data-id=\"dde0a4f\" data-element_type=\"container\" data-e-type=\"container\" data-settings=\"{&quot;background_background&quot;:&quot;classic&quot;}\">\n\t\t\t\t\t<div class=\"e-con-inner\">\n\t\t<div class=\"elementor-element elementor-element-3c1b1aa e-con-full e-flex e-con e-child\" data-id=\"3c1b1aa\" data-element_type=\"container\" data-e-type=\"container\">\n\t\t\t\t<div class=\"elementor-element elementor-element-d60ba46 elementor-widget elementor-widget-heading\" data-id=\"d60ba46\" data-element_type=\"widget\" data-e-type=\"widget\" data-widget_type=\"heading.default\">\n\t\t\t\t\t<h2 class=\"elementor-heading-title elementor-size-default\">Even voorstellen<\/h2>\t\t\t\t<\/div>\n\t\t\t\t<div class=\"elementor-element elementor-element-eadc066 elementor-invisible elementor-widget elementor-widget-heading\" data-id=\"eadc066\" data-element_type=\"widget\" data-e-type=\"widget\" data-settings=\"{&quot;_animation&quot;:&quot;fadeIn&quot;}\" data-widget_type=\"heading.default\">\n\t\t\t\t\t<h2 class=\"elementor-heading-title elementor-size-default\">Jeroen Fremouw<\/h2>\t\t\t\t<\/div>\n\t\t\t\t<div class=\"elementor-element elementor-element-4245d26 elementor-widget elementor-widget-text-editor\" data-id=\"4245d26\" data-element_type=\"widget\" data-e-type=\"widget\" data-widget_type=\"text-editor.default\">\n\t\t\t\t\t\t\t\t\t<p>Ik ben Jeroen Fremouw, jarenlang ondernemer geweest in Nederland. Na een zoektocht van enkele jaren in Spanje naar een geschikte locatie vonden we medio 2023 in Altea het voor ons geschikte huis. Met daaronder een schitterend 6 persoons appartement om te kunnen verhuren. We hebben de stap gewaagd en zijn begin 2024 naar Altea verhuisd. Om hier heel kleinschalig gasten te kunnen ontvangen.<\/p>\t\t\t\t\t\t\t\t<\/div>\n\t\t\t\t<div class=\"elementor-element elementor-element-cb366a3 elementor-widget elementor-widget-text-editor\" data-id=\"cb366a3\" data-element_type=\"widget\" data-e-type=\"widget\" data-widget_type=\"text-editor.default\">\n\t\t\t\t\t\t\t\t\t<p>Het perceel is omdat het niet vlak is verdeeld in 3 terrassen. Het onderste terras is tuin met tropische planten en fruitbomen. Op het middelste terras bevind zich het appartement met eigen opgang. En priv\u00e9tuin waar zich ook de jacuzzi en de sauna met buitendouche bevinden. Gaat u middels de natuurstenen trap naar het bovenste terras dan komt u bij het zwembad. Het zwembad dat voor onze gasten beschikbaar is tussen 11.00 uur en 18.00 uur.\u00a0 Op dit terras bevindt zich tevens ons priv\u00e9 woonhuis.<\/p>\t\t\t\t\t\t\t\t<\/div>\n\t\t\t\t<div class=\"elementor-element elementor-element-63524c0 elementor-widget elementor-widget-text-editor\" data-id=\"63524c0\" data-element_type=\"widget\" data-e-type=\"widget\" data-widget_type=\"text-editor.default\">\n\t\t\t\t\t\t\t\t\t<p>Wij kijken ernaar uit u te mogen ontvangen op deze idyllische rustige plek die toch maar 5 minuten verwijderd is van strand en vertier. Wilt u meer lezen over de omgeving van Casa les Fr\u00e9meaux neem dan een kijkje op onze &#8220;omgeving&#8221; pagina.<\/p>\t\t\t\t\t\t\t\t<\/div>\n\t\t\t\t<\/div>\n\t\t<div class=\"elementor-element elementor-element-ea86e6a e-con-full e-flex e-con e-child\" data-id=\"ea86e6a\" data-element_type=\"container\" data-e-type=\"container\">\n\t\t\t\t<div class=\"elementor-element elementor-element-26a3215 elementor-widget elementor-widget-text-path\" data-id=\"26a3215\" data-element_type=\"widget\" data-e-type=\"widget\" data-settings=\"{&quot;text&quot;:&quot;casa les fr\\u00e9meaux&quot;,&quot;align&quot;:&quot;left&quot;,&quot;align_mobile&quot;:&quot;right&quot;,&quot;motion_fx_motion_fx_scrolling&quot;:&quot;yes&quot;,&quot;motion_fx_rotateZ_effect&quot;:&quot;yes&quot;,&quot;motion_fx_rotateZ_direction&quot;:&quot;negative&quot;,&quot;motion_fx_rotateZ_affectedRange&quot;:{&quot;unit&quot;:&quot;%&quot;,&quot;size&quot;:&quot;&quot;,&quot;sizes&quot;:{&quot;start&quot;:36,&quot;end&quot;:77}},&quot;start_point&quot;:{&quot;unit&quot;:&quot;%&quot;,&quot;size&quot;:13,&quot;sizes&quot;:[]},&quot;link&quot;:{&quot;url&quot;:&quot;&quot;,&quot;is_external&quot;:&quot;&quot;,&quot;nofollow&quot;:&quot;&quot;,&quot;custom_attributes&quot;:&quot;&quot;},&quot;motion_fx_rotateZ_speed&quot;:{&quot;unit&quot;:&quot;px&quot;,&quot;size&quot;:1,&quot;sizes&quot;:[]},&quot;motion_fx_devices&quot;:[&quot;desktop&quot;,&quot;tablet&quot;,&quot;mobile&quot;]}\" data-widget_type=\"text-path.default\">\n\t\t\t\t\t\t\t<div class=\"e-text-path\" data-text=\"casa les fr&eacute;meaux\" data-url=\"\/\/casafremeaux.nl\/wp-content\/plugins\/elementor\/assets\/svg-paths\/arc.svg\" data-link-url=\"\"><\/div>\n\t\t\t\t\t\t<\/div>\n\t\t\t\t<div class=\"elementor-element elementor-element-29c05f5 elementor-widget elementor-widget-spacer\" data-id=\"29c05f5\" data-element_type=\"widget\" data-e-type=\"widget\" data-widget_type=\"spacer.default\">\n\t\t\t\t\t\t\t<div class=\"elementor-spacer\">\n\t\t\t<div class=\"elementor-spacer-inner\"><\/div>\n\t\t<\/div>\n\t\t\t\t\t\t<\/div>\n\t\t\t\t<\/div>\n\t\t<div class=\"elementor-element elementor-element-07a6ead e-con-full e-flex e-con e-child\" data-id=\"07a6ead\" data-element_type=\"container\" data-e-type=\"container\">\n\t\t\t\t<div class=\"elementor-element elementor-element-4e1ef3d elementor-widget elementor-widget-button\" data-id=\"4e1ef3d\" data-element_type=\"widget\" data-e-type=\"widget\" data-widget_type=\"button.default\">\n\t\t\t\t\t\t\t\t\t\t<a class=\"elementor-button elementor-button-link elementor-size-sm\" href=\"https:\/\/casafremeaux.nl\/vakantieappartement-altea-en-omgeving\/\">\n\t\t\t\t\t\t<span class=\"elementor-button-content-wrapper\">\n\t\t\t\t\t\t<span class=\"elementor-button-icon\">\n\t\t\t\t<svg aria-hidden=\"true\" class=\"e-font-icon-svg e-fas-long-arrow-alt-right\" viewBox=\"0 0 448 512\" xmlns=\"http:\/\/www.w3.org\/2000\/svg\"><path d=\"M313.941 216H12c-6.627 0-12 5.373-12 12v56c0 6.627 5.373 12 12 12h301.941v46.059c0 21.382 25.851 32.09 40.971 16.971l86.059-86.059c9.373-9.373 9.373-24.569 0-33.941l-86.059-86.059c-15.119-15.119-40.971-4.411-40.971 16.971V216z\"><\/path><\/svg>\t\t\t<\/span>\n\t\t\t\t\t\t\t\t\t<span class=\"elementor-button-text\">omgeving van casa les fr\u00e9meaux<\/span>\n\t\t\t\t\t<\/span>\n\t\t\t\t\t<\/a>\n\t\t\t\t\t\t\t\t<\/div>\n\t\t\t\t<\/div>\n\t\t<div class=\"elementor-element elementor-element-f5c5644 e-con-full e-flex e-con e-child\" data-id=\"f5c5644\" data-element_type=\"container\" data-e-type=\"container\">\n\t\t\t\t<div class=\"elementor-element elementor-element-f9f229d elementor-widget elementor-widget-image\" data-id=\"f9f229d\" data-element_type=\"widget\" data-e-type=\"widget\" data-widget_type=\"image.default\">\n\t\t\t\t\t\t\t\t\t\t\t\t\t\t\t<img fetchpriority=\"high\" decoding=\"async\" width=\"768\" height=\"1024\" src=\"https:\/\/casafremeaux.nl\/wp-content\/uploads\/2025\/01\/jeroen-trap-tuin-768x1024.webp\" class=\"attachment-medium_large size-medium_large wp-image-670\" alt=\"Jeroen Fremouw Casa les Fr\u00e9meaux\" srcset=\"https:\/\/casafremeaux.nl\/wp-content\/uploads\/2025\/01\/jeroen-trap-tuin-768x1024.webp 768w, https:\/\/casafremeaux.nl\/wp-content\/uploads\/2025\/01\/jeroen-trap-tuin-225x300.webp 225w, https:\/\/casafremeaux.nl\/wp-content\/uploads\/2025\/01\/jeroen-trap-tuin-1152x1536.webp 1152w, https:\/\/casafremeaux.nl\/wp-content\/uploads\/2025\/01\/jeroen-trap-tuin-9x12.webp 9w, https:\/\/casafremeaux.nl\/wp-content\/uploads\/2025\/01\/jeroen-trap-tuin.webp 1200w\" sizes=\"(max-width: 768px) 100vw, 768px\" \/>\t\t\t\t\t\t\t\t\t\t\t\t\t\t\t<\/div>\n\t\t\t\t<\/div>\n\t\t\t\t\t<\/div>\n\t\t\t\t<\/div>\n\t\t<div class=\"elementor-element elementor-element-82bf8d2 elementor-hidden-tablet elementor-hidden-mobile e-flex e-con-boxed e-con e-parent\" data-id=\"82bf8d2\" data-element_type=\"container\" data-e-type=\"container\" data-settings=\"{&quot;background_background&quot;:&quot;classic&quot;}\">\n\t\t\t\t\t<div class=\"e-con-inner\">\n\t\t<div class=\"elementor-element elementor-element-c788747 e-con-full e-flex elementor-invisible e-con e-child\" data-id=\"c788747\" data-element_type=\"container\" data-e-type=\"container\" data-settings=\"{&quot;background_background&quot;:&quot;classic&quot;,&quot;animation&quot;:&quot;fadeIn&quot;}\">\n\t\t\t\t<div class=\"elementor-element elementor-element-2ea6b48 elementor-widget elementor-widget-heading\" data-id=\"2ea6b48\" data-element_type=\"widget\" data-e-type=\"widget\" data-widget_type=\"heading.default\">\n\t\t\t\t\t<h2 class=\"elementor-heading-title elementor-size-default\">zwembad<\/h2>\t\t\t\t<\/div>\n\t\t\t\t<div class=\"elementor-element elementor-element-2a1aa32 elementor-widget elementor-widget-text-editor\" data-id=\"2a1aa32\" data-element_type=\"widget\" data-e-type=\"widget\" data-widget_type=\"text-editor.default\">\n\t\t\t\t\t\t\t\t\t<p>U kunt bij ons genieten van een prachtig priv\u00e9 buitenzwembad, dat het hele jaar door geopend is. Omgeven door weelderige natuur en gelegen op het hoogste terras van het perceel, biedt het zwembad een adembenemend uitzicht op de omliggende bergen.<\/p>\t\t\t\t\t\t\t\t<\/div>\n\t\t\t\t<\/div>\n\t\t\t\t\t<\/div>\n\t\t\t\t<\/div>\n\t\t<div class=\"elementor-element elementor-element-866baf4 e-con-full e-flex e-con e-parent\" data-id=\"866baf4\" data-element_type=\"container\" data-e-type=\"container\" data-settings=\"{&quot;background_background&quot;:&quot;classic&quot;}\">\n\t\t<div class=\"elementor-element elementor-element-50efca0 e-con-full e-flex e-con e-child\" data-id=\"50efca0\" data-element_type=\"container\" data-e-type=\"container\">\n\t\t\t\t<div class=\"elementor-element elementor-element-7cf7508 elementor-widget elementor-widget-image\" data-id=\"7cf7508\" data-element_type=\"widget\" data-e-type=\"widget\" data-widget_type=\"image.default\">\n\t\t\t\t\t\t\t\t\t\t\t\t\t\t\t<img decoding=\"async\" width=\"675\" height=\"900\" src=\"https:\/\/casafremeaux.nl\/wp-content\/uploads\/2025\/01\/546575256-1.webp\" class=\"attachment-large size-large wp-image-712\" alt=\"poort Casa les Fr\u00e9meaux Altea\" srcset=\"https:\/\/casafremeaux.nl\/wp-content\/uploads\/2025\/01\/546575256-1.webp 675w, https:\/\/casafremeaux.nl\/wp-content\/uploads\/2025\/01\/546575256-1-225x300.webp 225w, https:\/\/casafremeaux.nl\/wp-content\/uploads\/2025\/01\/546575256-1-9x12.webp 9w\" sizes=\"(max-width: 675px) 100vw, 675px\" \/>\t\t\t\t\t\t\t\t\t\t\t\t\t\t\t<\/div>\n\t\t\t\t<\/div>\n\t\t<div class=\"elementor-element elementor-element-20dbf55 e-con-full e-flex e-con e-child\" data-id=\"20dbf55\" data-element_type=\"container\" data-e-type=\"container\">\n\t\t<div class=\"elementor-element elementor-element-682b576 e-con-full e-flex e-con e-child\" data-id=\"682b576\" data-element_type=\"container\" data-e-type=\"container\">\n\t\t\t\t<div class=\"elementor-element elementor-element-e84b459 elementor-widget elementor-widget-heading\" data-id=\"e84b459\" data-element_type=\"widget\" data-e-type=\"widget\" data-widget_type=\"heading.default\">\n\t\t\t\t\t<h2 class=\"elementor-heading-title elementor-size-default\">familiewapen<\/h2>\t\t\t\t<\/div>\n\t\t\t\t<div class=\"elementor-element elementor-element-49a93e5 elementor-invisible elementor-widget elementor-widget-heading\" data-id=\"49a93e5\" data-element_type=\"widget\" data-e-type=\"widget\" data-settings=\"{&quot;_animation&quot;:&quot;fadeIn&quot;}\" data-widget_type=\"heading.default\">\n\t\t\t\t\t<h2 class=\"elementor-heading-title elementor-size-default\">FR\u00c9MEAUX<\/h2>\t\t\t\t<\/div>\n\t\t\t\t<div class=\"elementor-element elementor-element-7435ff9 elementor-widget elementor-widget-text-editor\" data-id=\"7435ff9\" data-element_type=\"widget\" data-e-type=\"widget\" data-widget_type=\"text-editor.default\">\n\t\t\t\t\t\t\t\t\t<p>Casa Les Fremeaux draagt trots de naam van een Franse adellijke familie. Waarvan de geschiedenis verweven is met traditie en symboliek. Bij de poort van de villa hangt het familiewapen van de Fr\u00e9meaux-familie. Waarop drie sikkels schitteren \u2013 een krachtig symbool van vruchtbaarheid, arbeid en verbondenheid met het land. Ge\u00efnspireerd door deze rijke familietraditie, heeft dit wapen een ereplaats gekregen bij de ingang van de poort. Om gasten te verwelkomen met een vleugje historische elegantie.<\/p>\t\t\t\t\t\t\t\t<\/div>\n\t\t\t\t<\/div>\n\t\t\t\t<div class=\"elementor-element elementor-element-bffd29a elementor-widget elementor-widget-spacer\" data-id=\"bffd29a\" data-element_type=\"widget\" data-e-type=\"widget\" data-widget_type=\"spacer.default\">\n\t\t\t\t\t\t\t<div class=\"elementor-spacer\">\n\t\t\t<div class=\"elementor-spacer-inner\"><\/div>\n\t\t<\/div>\n\t\t\t\t\t\t<\/div>\n\t\t\t\t<\/div>\n\t\t\t\t<\/div>\n\t\t\t\t<\/div>\n\t\t","protected":false},"excerpt":{"rendered":"<p>Over ons CASA LES FR\u00c9MEAUX Even voorstellen Jeroen Fremouw Ik ben Jeroen Fremouw, jarenlang ondernemer geweest in Nederland. Na een zoektocht van enkele jaren in Spanje naar een geschikte locatie vonden we medio 2023 in Altea het voor ons geschikte huis. Met daaronder een schitterend 6 persoons appartement om te kunnen verhuren. We hebben de [&hellip;]<\/p>\n","protected":false},"author":2,"featured_media":0,"parent":0,"menu_order":0,"comment_status":"closed","ping_status":"closed","template":"elementor_header_footer","meta":{"_glsr_average":0,"_glsr_ranking":0,"_glsr_reviews":0,"footnotes":""},"class_list":["post-37","page","type-page","status-publish","hentry"],"yoast_head":"<!-- This site is optimized with the Yoast SEO plugin v27.0 - https:\/\/yoast.com\/product\/yoast-seo-wordpress\/ -->\n<title>Over ons Jeroen Fremouw &#8226; Casa Les Fr\u00e9meaux<\/title>\n<meta name=\"description\" content=\"Over ons Jeroen Fremouw. Casa Les Frem\u00e9aux. Even voorstellen, het gezicht achter Casa Les Fr\u00e9meaux. Altea, Costa Blanca.\" \/>\n<meta name=\"robots\" content=\"index, follow, max-snippet:-1, max-image-preview:large, max-video-preview:-1\" \/>\n<link rel=\"canonical\" href=\"https:\/\/casafremeaux.nl\/en\/over-ons\/\" \/>\n<meta property=\"og:locale\" content=\"en_GB\" \/>\n<meta property=\"og:type\" content=\"article\" \/>\n<meta property=\"og:title\" content=\"Over ons Jeroen Fremouw &#8226; Casa Les Fr\u00e9meaux\" \/>\n<meta property=\"og:description\" content=\"Over ons Jeroen Fremouw. Casa Les Frem\u00e9aux. Even voorstellen, het gezicht achter Casa Les Fr\u00e9meaux. Altea, Costa Blanca.\" \/>\n<meta property=\"og:url\" content=\"https:\/\/casafremeaux.nl\/en\/over-ons\/\" \/>\n<meta property=\"og:site_name\" content=\"Casa Les Fr\u00e9meaux\" \/>\n<meta property=\"article:publisher\" content=\"https:\/\/www.facebook.com\/jeroen.fremouw\" \/>\n<meta property=\"article:modified_time\" content=\"2025-08-31T07:35:01+00:00\" \/>\n<meta property=\"og:image\" content=\"https:\/\/casafremeaux.nl\/wp-content\/uploads\/2025\/01\/jeroen-trap-tuin.webp\" \/>\n\t<meta property=\"og:image:width\" content=\"1200\" \/>\n\t<meta property=\"og:image:height\" content=\"1600\" \/>\n\t<meta property=\"og:image:type\" content=\"image\/webp\" \/>\n<meta name=\"twitter:card\" content=\"summary_large_image\" \/>\n<meta name=\"twitter:label1\" content=\"Estimated reading time\" \/>\n\t<meta name=\"twitter:data1\" content=\"2 minutes\" \/>\n<script type=\"application\/ld+json\" class=\"yoast-schema-graph\">{\"@context\":\"https:\/\/schema.org\",\"@graph\":[{\"@type\":\"WebPage\",\"@id\":\"https:\/\/casafremeaux.nl\/over-ons\/\",\"url\":\"https:\/\/casafremeaux.nl\/over-ons\/\",\"name\":\"Over ons Jeroen Fremouw &#8226; Casa Les Fr\u00e9meaux\",\"isPartOf\":{\"@id\":\"https:\/\/casafremeaux.nl\/#website\"},\"primaryImageOfPage\":{\"@id\":\"https:\/\/casafremeaux.nl\/over-ons\/#primaryimage\"},\"image\":{\"@id\":\"https:\/\/casafremeaux.nl\/over-ons\/#primaryimage\"},\"thumbnailUrl\":\"https:\/\/casafremeaux.nl\/wp-content\/uploads\/2025\/01\/jeroen-trap-tuin-768x1024.webp\",\"datePublished\":\"2024-11-18T12:48:33+00:00\",\"dateModified\":\"2025-08-31T07:35:01+00:00\",\"description\":\"Over ons Jeroen Fremouw. Casa Les Frem\u00e9aux. Even voorstellen, het gezicht achter Casa Les Fr\u00e9meaux. Altea, Costa Blanca.\",\"breadcrumb\":{\"@id\":\"https:\/\/casafremeaux.nl\/over-ons\/#breadcrumb\"},\"inLanguage\":\"en-GB\",\"potentialAction\":[{\"@type\":\"ReadAction\",\"target\":[\"https:\/\/casafremeaux.nl\/over-ons\/\"]}]},{\"@type\":\"ImageObject\",\"inLanguage\":\"en-GB\",\"@id\":\"https:\/\/casafremeaux.nl\/over-ons\/#primaryimage\",\"url\":\"https:\/\/casafremeaux.nl\/wp-content\/uploads\/2025\/01\/jeroen-trap-tuin-768x1024.webp\",\"contentUrl\":\"https:\/\/casafremeaux.nl\/wp-content\/uploads\/2025\/01\/jeroen-trap-tuin-768x1024.webp\"},{\"@type\":\"BreadcrumbList\",\"@id\":\"https:\/\/casafremeaux.nl\/over-ons\/#breadcrumb\",\"itemListElement\":[{\"@type\":\"ListItem\",\"position\":1,\"name\":\"Home\",\"item\":\"https:\/\/casafremeaux.nl\/\"},{\"@type\":\"ListItem\",\"position\":2,\"name\":\"over ons\"}]},{\"@type\":\"WebSite\",\"@id\":\"https:\/\/casafremeaux.nl\/#website\",\"url\":\"https:\/\/casafremeaux.nl\/\",\"name\":\"Casa Les Fr\u00e9meaux\",\"description\":\"Waar luxe en rust samenkomen.\",\"publisher\":{\"@id\":\"https:\/\/casafremeaux.nl\/#organization\"},\"potentialAction\":[{\"@type\":\"SearchAction\",\"target\":{\"@type\":\"EntryPoint\",\"urlTemplate\":\"https:\/\/casafremeaux.nl\/?s={search_term_string}\"},\"query-input\":{\"@type\":\"PropertyValueSpecification\",\"valueRequired\":true,\"valueName\":\"search_term_string\"}}],\"inLanguage\":\"en-GB\"},{\"@type\":\"Organization\",\"@id\":\"https:\/\/casafremeaux.nl\/#organization\",\"name\":\"Casa Les Fr\u00e9meaux\",\"alternateName\":\"Casa Les Fr\u00e9meaux\",\"url\":\"https:\/\/casafremeaux.nl\/\",\"logo\":{\"@type\":\"ImageObject\",\"inLanguage\":\"en-GB\",\"@id\":\"https:\/\/casafremeaux.nl\/#\/schema\/logo\/image\/\",\"url\":\"https:\/\/casafremeaux.nl\/wp-content\/uploads\/2025\/01\/wapen.webp\",\"contentUrl\":\"https:\/\/casafremeaux.nl\/wp-content\/uploads\/2025\/01\/wapen.webp\",\"width\":421,\"height\":640,\"caption\":\"Casa Les Fr\u00e9meaux\"},\"image\":{\"@id\":\"https:\/\/casafremeaux.nl\/#\/schema\/logo\/image\/\"},\"sameAs\":[\"https:\/\/www.facebook.com\/jeroen.fremouw\"]}]}<\/script>\n<!-- \/ Yoast SEO plugin. -->","yoast_head_json":{"title":"Over ons Jeroen Fremouw &#8226; Casa Les Fr\u00e9meaux","description":"Over ons Jeroen Fremouw. Casa Les Frem\u00e9aux. Even voorstellen, het gezicht achter Casa Les Fr\u00e9meaux. Altea, Costa Blanca.","robots":{"index":"index","follow":"follow","max-snippet":"max-snippet:-1","max-image-preview":"max-image-preview:large","max-video-preview":"max-video-preview:-1"},"canonical":"https:\/\/casafremeaux.nl\/en\/over-ons\/","og_locale":"en_GB","og_type":"article","og_title":"Over ons Jeroen Fremouw &#8226; Casa Les Fr\u00e9meaux","og_description":"Over ons Jeroen Fremouw. Casa Les Frem\u00e9aux. Even voorstellen, het gezicht achter Casa Les Fr\u00e9meaux. Altea, Costa Blanca.","og_url":"https:\/\/casafremeaux.nl\/en\/over-ons\/","og_site_name":"Casa Les Fr\u00e9meaux","article_publisher":"https:\/\/www.facebook.com\/jeroen.fremouw","article_modified_time":"2025-08-31T07:35:01+00:00","og_image":[{"width":1200,"height":1600,"url":"https:\/\/casafremeaux.nl\/wp-content\/uploads\/2025\/01\/jeroen-trap-tuin.webp","type":"image\/webp"}],"twitter_card":"summary_large_image","twitter_misc":{"Estimated reading time":"2 minutes"},"schema":{"@context":"https:\/\/schema.org","@graph":[{"@type":"WebPage","@id":"https:\/\/casafremeaux.nl\/over-ons\/","url":"https:\/\/casafremeaux.nl\/over-ons\/","name":"Over ons Jeroen Fremouw &#8226; Casa Les Fr\u00e9meaux","isPartOf":{"@id":"https:\/\/casafremeaux.nl\/#website"},"primaryImageOfPage":{"@id":"https:\/\/casafremeaux.nl\/over-ons\/#primaryimage"},"image":{"@id":"https:\/\/casafremeaux.nl\/over-ons\/#primaryimage"},"thumbnailUrl":"https:\/\/casafremeaux.nl\/wp-content\/uploads\/2025\/01\/jeroen-trap-tuin-768x1024.webp","datePublished":"2024-11-18T12:48:33+00:00","dateModified":"2025-08-31T07:35:01+00:00","description":"Over ons Jeroen Fremouw. Casa Les Frem\u00e9aux. Even voorstellen, het gezicht achter Casa Les Fr\u00e9meaux. Altea, Costa Blanca.","breadcrumb":{"@id":"https:\/\/casafremeaux.nl\/over-ons\/#breadcrumb"},"inLanguage":"en-GB","potentialAction":[{"@type":"ReadAction","target":["https:\/\/casafremeaux.nl\/over-ons\/"]}]},{"@type":"ImageObject","inLanguage":"en-GB","@id":"https:\/\/casafremeaux.nl\/over-ons\/#primaryimage","url":"https:\/\/casafremeaux.nl\/wp-content\/uploads\/2025\/01\/jeroen-trap-tuin-768x1024.webp","contentUrl":"https:\/\/casafremeaux.nl\/wp-content\/uploads\/2025\/01\/jeroen-trap-tuin-768x1024.webp"},{"@type":"BreadcrumbList","@id":"https:\/\/casafremeaux.nl\/over-ons\/#breadcrumb","itemListElement":[{"@type":"ListItem","position":1,"name":"Home","item":"https:\/\/casafremeaux.nl\/"},{"@type":"ListItem","position":2,"name":"over ons"}]},{"@type":"WebSite","@id":"https:\/\/casafremeaux.nl\/#website","url":"https:\/\/casafremeaux.nl\/","name":"Casa Les Fr\u00e9meaux","description":"Waar luxe en rust samenkomen.","publisher":{"@id":"https:\/\/casafremeaux.nl\/#organization"},"potentialAction":[{"@type":"SearchAction","target":{"@type":"EntryPoint","urlTemplate":"https:\/\/casafremeaux.nl\/?s={search_term_string}"},"query-input":{"@type":"PropertyValueSpecification","valueRequired":true,"valueName":"search_term_string"}}],"inLanguage":"en-GB"},{"@type":"Organization","@id":"https:\/\/casafremeaux.nl\/#organization","name":"Casa Les Fr\u00e9meaux","alternateName":"Casa Les Fr\u00e9meaux","url":"https:\/\/casafremeaux.nl\/","logo":{"@type":"ImageObject","inLanguage":"en-GB","@id":"https:\/\/casafremeaux.nl\/#\/schema\/logo\/image\/","url":"https:\/\/casafremeaux.nl\/wp-content\/uploads\/2025\/01\/wapen.webp","contentUrl":"https:\/\/casafremeaux.nl\/wp-content\/uploads\/2025\/01\/wapen.webp","width":421,"height":640,"caption":"Casa Les Fr\u00e9meaux"},"image":{"@id":"https:\/\/casafremeaux.nl\/#\/schema\/logo\/image\/"},"sameAs":["https:\/\/www.facebook.com\/jeroen.fremouw"]}]}},"jetpack_sharing_enabled":true,"_links":{"self":[{"href":"https:\/\/casafremeaux.nl\/en\/wp-json\/wp\/v2\/pages\/37","targetHints":{"allow":["GET"]}}],"collection":[{"href":"https:\/\/casafremeaux.nl\/en\/wp-json\/wp\/v2\/pages"}],"about":[{"href":"https:\/\/casafremeaux.nl\/en\/wp-json\/wp\/v2\/types\/page"}],"author":[{"embeddable":true,"href":"https:\/\/casafremeaux.nl\/en\/wp-json\/wp\/v2\/users\/2"}],"replies":[{"embeddable":true,"href":"https:\/\/casafremeaux.nl\/en\/wp-json\/wp\/v2\/comments?post=37"}],"version-history":[{"count":48,"href":"https:\/\/casafremeaux.nl\/en\/wp-json\/wp\/v2\/pages\/37\/revisions"}],"predecessor-version":[{"id":891,"href":"https:\/\/casafremeaux.nl\/en\/wp-json\/wp\/v2\/pages\/37\/revisions\/891"}],"wp:attachment":[{"href":"https:\/\/casafremeaux.nl\/en\/wp-json\/wp\/v2\/media?parent=37"}],"curies":[{"name":"wp","href":"https:\/\/api.w.org\/{rel}","templated":true}]}}